{"id":30894,"date":"2024-05-23T10:25:19","date_gmt":"2024-05-23T09:25:19","guid":{"rendered":"https:\/\/ferringsyntese.corporate.ferring.tech\/organisation\/"},"modified":"2024-10-09T06:20:17","modified_gmt":"2024-10-09T05:20:17","slug":"organisation","status":"publish","type":"page","link":"https:\/\/www.syntese.dk\/da\/about-syntese\/management-and-organization\/organisation\/","title":{"rendered":"Organisation"},"content":{"rendered":"[spb_row element_name=&#8221;Row&#8221; wrap_type=&#8221;full-width-contained&#8221; row_bg_type=&#8221;image&#8221; color_row_height=&#8221;content-height&#8221; bg_image=&#8221;30930&#8243; bg_type=&#8221;cover&#8221; parallax_image_height=&#8221;window-height&#8221; parallax_image_movement=&#8221;scroll&#8221; parallax_image_speed=&#8221;slow&#8221; bg_video_loop=&#8221;yes&#8221; parallax_video_height=&#8221;window-height&#8221; row_top_style=&#8221;none&#8221; row_bottom_style=&#8221;none&#8221; parallax_video_overlay=&#8221;none&#8221; row_overlay_opacity=&#8221;0&#8243; remove_element_spacing=&#8221;no&#8221; row_col_spacing=&#8221;0&#8243; row_col_pos=&#8221;bottom&#8221; row_col_equal_heights=&#8221;no&#8221; row_expanding=&#8221;no&#8221; row_animation=&#8221;none&#8221; row_animation_delay=&#8221;0&#8243; minimize_row=&#8221;no&#8221; simplified_controls=&#8221;yes&#8221; custom_css_percentage=&#8221;no&#8221; custom_css=&#8221;margin-top: 0px;margin-bottom: 0px;&#8221; border_styling_global=&#8221;default&#8221; el_class=&#8221;flex-left-bottom respDesignClass&#8221; width=&#8221;1\/1&#8243; el_position=&#8221;first last&#8221;] [spb_column col_animation=&#8221;none&#8221; col_animation_delay=&#8221;0&#8243; col_bg_type=&#8221;cover&#8221; col_parallax_image_movement=&#8221;fixed&#8221; col_parallax_image_speed=&#8221;0.5&#8243; col_padding=&#8221;0&#8243; col_vertical_offset=&#8221;0&#8243; col_horizontal_offset=&#8221;0&#8243; col_custom_zindex=&#8221;0&#8243; col_sm=&#8221;6&#8243; simplified_controls=&#8221;no&#8221; custom_css_percentage=&#8221;no&#8221; padding_vertical=&#8221;0&#8243; padding_horizontal=&#8221;0&#8243; margin_vertical=&#8221;0&#8243; custom_css=&#8221;margin-top: 0px;margin-bottom: 0px;padding-bottom: 35px;&#8221; border_styling_global=&#8221;default&#8221; el_class=&#8221;full-width colorChenged&#8221; width=&#8221;1\/2&#8243; el_position=&#8221;first last&#8221;] [spb_boxed_content type=&#8221;coloured&#8221; custom_text_colour=&#8221;#ffffff&#8221; box_link_target=&#8221;_self&#8221; padding_vertical=&#8221;14&#8243; padding_horizontal=&#8221;7&#8243; el_class=&#8221;full-width bg-transparent-blue with-icon&#8221; width=&#8221;1\/1&#8243; el_position=&#8221;first last&#8221;]\n<div class=\"containimgBoxed\"><img loading=\"lazy\" decoding=\"async\" class=\"alignnone size-full wp-image-21441\" src=\"https:\/\/www.syntese.dk\/wp-content\/uploads\/sites\/40\/2024\/07\/AboutFerring1W-1.png\" alt=\"people-families-4\" width=\"65\" height=\"65\" \/><\/div>\n<h1>Organisation<\/h1>\n[\/spb_boxed_content] [\/spb_column] [\/spb_row] [spb_row element_name=&#8221;Row&#8221; wrap_type=&#8221;full-width-contained&#8221; row_bg_type=&#8221;color&#8221; row_bg_color=&#8221;#f0f0f0&#8243; color_row_height=&#8221;content-height&#8221; bg_type=&#8221;cover&#8221; parallax_image_height=&#8221;content-height&#8221; parallax_image_movement=&#8221;scroll&#8221; parallax_image_speed=&#8221;standard&#8221; bg_video_loop=&#8221;yes&#8221; parallax_video_height=&#8221;window-height&#8221; row_top_style=&#8221;none&#8221; row_bottom_style=&#8221;none&#8221; parallax_video_overlay=&#8221;none&#8221; row_overlay_opacity=&#8221;0&#8243; remove_element_spacing=&#8221;no&#8221; row_col_spacing=&#8221;0&#8243; row_col_pos=&#8221;center&#8221; row_col_content_pos=&#8221;bottom&#8221; row_col_equal_heights=&#8221;no&#8221; row_expanding=&#8221;no&#8221; row_animation=&#8221;none&#8221; row_animation_delay=&#8221;0&#8243; minimize_row=&#8221;no&#8221; simplified_controls=&#8221;yes&#8221; custom_css_percentage=&#8221;no&#8221; custom_css=&#8221;margin-top: 0px;margin-bottom: 0px;&#8221; border_styling_global=&#8221;default&#8221; el_class=&#8221;bloc-breadcrumb&#8221; width=&#8221;1\/1&#8243; el_position=&#8221;first last&#8221;] [spb_blank_spacer height=&#8221;64px&#8221; width=&#8221;1\/1&#8243; el_position=&#8221;first last&#8221;] [\/spb_row] [spb_row element_name=&#8221;Row&#8221; wrap_type=&#8221;standard-width&#8221; row_bg_type=&#8221;color&#8221; color_row_height=&#8221;content-height&#8221; bg_type=&#8221;cover&#8221; parallax_image_height=&#8221;content-height&#8221; parallax_image_movement=&#8221;fixed&#8221; parallax_image_speed=&#8221;standard&#8221; bg_video_loop=&#8221;yes&#8221; parallax_video_height=&#8221;window-height&#8221; row_id=&#8221;one&#8221; row_name=&#8221;About fertility&#8221; row_top_style=&#8221;none&#8221; row_bottom_style=&#8221;none&#8221; parallax_video_overlay=&#8221;none&#8221; row_overlay_opacity=&#8221;0&#8243; remove_element_spacing=&#8221;no&#8221; row_col_spacing=&#8221;0&#8243; row_col_pos=&#8221;default&#8221; row_col_equal_heights=&#8221;no&#8221; row_expanding=&#8221;no&#8221; row_animation=&#8221;none&#8221; row_animation_delay=&#8221;0&#8243; minimize_row=&#8221;no&#8221; simplified_controls=&#8221;yes&#8221; custom_css_percentage=&#8221;no&#8221; custom_css=&#8221;margin-top: 0px;margin-bottom: 0px;padding-top: 26px;padding-bottom: 26px;&#8221; border_styling_global=&#8221;default&#8221; el_class=&#8221;mobiltySpace scroll-smart&#8221; width=&#8221;1\/1&#8243; el_position=&#8221;first last&#8221;] [spb_column col_animation=&#8221;none&#8221; col_animation_delay=&#8221;0&#8243; col_bg_type=&#8221;cover&#8221; col_parallax_image_movement=&#8221;fixed&#8221; col_parallax_image_speed=&#8221;0.5&#8243; col_padding=&#8221;0&#8243; col_vertical_offset=&#8221;0&#8243; col_horizontal_offset=&#8221;0&#8243; col_custom_zindex=&#8221;0&#8243; col_sm=&#8221;4&#8243; simplified_controls=&#8221;yes&#8221; custom_css_percentage=&#8221;no&#8221; padding_vertical=&#8221;400&#8243; padding_horizontal=&#8221;0&#8243; margin_vertical=&#8221;0&#8243; custom_css=&#8221;margin-top: 0px;margin-bottom: 0px;&#8221; border_styling_global=&#8221;default&#8221; el_class=&#8221;pos-sticky clickTo&#8221; width=&#8221;1\/3&#8243; el_position=&#8221;first&#8221;] [spb_text_block animation=&#8221;none&#8221; animation_delay=&#8221;0&#8243; simplified_controls=&#8221;yes&#8221; custom_css_percentage=&#8221;no&#8221; padding_vertical=&#8221;0&#8243; padding_horizontal=&#8221;0&#8243; margin_vertical=&#8221;0&#8243; custom_css=&#8221;margin-top: 0px;margin-bottom: 0px;&#8221; border_size=&#8221;0&#8243; border_styling_global=&#8221;default&#8221; el_class=&#8221;side-bar-fond&#8221; width=&#8221;1\/1&#8243; el_position=&#8221;first last&#8221;]\n<p><a href=\"#headline1\">Rumlighed og korte beslutningsveje<\/a><\/p>\n[\/spb_text_block] [\/spb_column] [spb_column col_animation=&#8221;none&#8221; col_animation_delay=&#8221;0&#8243; col_bg_type=&#8221;cover&#8221; col_parallax_image_movement=&#8221;fixed&#8221; col_parallax_image_speed=&#8221;0.5&#8243; col_padding=&#8221;0&#8243; col_vertical_offset=&#8221;0&#8243; col_horizontal_offset=&#8221;0&#8243; col_custom_zindex=&#8221;0&#8243; col_sm=&#8221;8&#8243; simplified_controls=&#8221;yes&#8221; custom_css_percentage=&#8221;no&#8221; padding_vertical=&#8221;400&#8243; padding_horizontal=&#8221;0&#8243; margin_vertical=&#8221;0&#8243; custom_css=&#8221;margin-top: 0px;margin-bottom: 0px;&#8221; border_styling_global=&#8221;default&#8221; el_class=&#8221;green-product-bloc&#8221; width=&#8221;2\/3&#8243; el_position=&#8221;last&#8221;] [spb_text_block animation=&#8221;none&#8221; animation_delay=&#8221;0&#8243; simplified_controls=&#8221;yes&#8221; custom_css_percentage=&#8221;no&#8221; padding_vertical=&#8221;0&#8243; padding_horizontal=&#8221;0&#8243; margin_vertical=&#8221;0&#8243; custom_css=&#8221;margin-top: 0px;margin-bottom: 0px;&#8221; border_size=&#8221;0&#8243; border_styling_global=&#8221;default&#8221; el_class=&#8221;blue-product-bloc&#8221; width=&#8221;1\/1&#8243; el_position=&#8221;first last&#8221;]\n<h2 id=\"headline1\">Rummelighed og korte beslutningsveje<\/h2>\n<p>Vi er et team af velkvalificerede og dedikerede medarbejdere, der alle arbejder for at sikre bedre livskvalitet for patienterne. Den mission udg\u00f8r essensen af vores virksomhed.<\/p>\n<p>Vi s\u00e6tter derfor en \u00e6re i at skabe et godt arbejdsmilj\u00f8 centreret omkring h\u00f8j faglighed, hvor vi fokuserer p\u00e5 s\u00e5vel produktets kvalitet som den support, vi yder vores kunder.<\/p>\n<p>For os er det vigtigt, at alle f\u00f8ler sig set og h\u00f8rt. Det betyder blandt andet, at du som ansat hos os vil opleve, at vejen mellem beslutningstager og medarbejder er kort. Du skal ikke igennem flere ledelseslag, f\u00f8r du kan f\u00e5 et svar. Vi er i stand til at reagere hurtigt og \u00e6ndre arbejdsgange, hvis det er n\u00f8dvendigt for at forbedre vores daglige processer.<\/p>\n[\/spb_text_block] [\/spb_column] [\/spb_row]\n","protected":false},"excerpt":{"rendered":"<p>[spb_row element_name=&#8221;Row&#8221; wrap_type=&#8221;full-width-contained&#8221; row_bg_type=&#8221;image&#8221; color_row_height=&#8221;content-height&#8221; bg_image=&#8221;30930&#8243; bg_type=&#8221;cover&#8221; parallax_image_height=&#8221;window-height&#8221; parallax_image_movement=&#8221;scroll&#8221; parallax_image_speed=&#8221;slow&#8221; bg_video_loop=&#8221;yes&#8221; parallax_video_height=&#8221;window-height&#8221; row_top_style=&#8221;none&#8221; row_bottom_style=&#8221;none&#8221; parallax_video_overlay=&#8221;none&#8221; row_overlay_opacity=&#8221;0&#8243; remove_element_spacing=&#8221;no&#8221; row_col_spacing=&#8221;0&#8243; row_col_pos=&#8221;bottom&#8221; row_col_equal_heights=&#8221;no&#8221; row_expanding=&#8221;no&#8221; row_animation=&#8221;none&#8221; row_animation_delay=&#8221;0&#8243; minimize_row=&#8221;no&#8221; simplified_controls=&#8221;yes&#8221; custom_css_percentage=&#8221;no&#8221; custom_css=&#8221;margin-top: 0px;margin-bottom: 0px;&#8221; border_styling_global=&#8221;default&#8221; el_class=&#8221;flex-left-bottom respDesignClass&#8221; width=&#8221;1\/1&#8243; el_position=&#8221;first last&#8221;] [spb_column col_animation=&#8221;none&#8221; col_animation_delay=&#8221;0&#8243; col_bg_type=&#8221;cover&#8221; col_parallax_image_movement=&#8221;fixed&#8221; col_parallax_image_speed=&#8221;0.5&#8243; col_padding=&#8221;0&#8243; col_vertical_offset=&#8221;0&#8243; col_horizontal_offset=&#8221;0&#8243; col_custom_zindex=&#8221;0&#8243; col_sm=&#8221;6&#8243; simplified_controls=&#8221;no&#8221; custom_css_percentage=&#8221;no&#8221; padding_vertical=&#8221;0&#8243; padding_horizontal=&#8221;0&#8243; margin_vertical=&#8221;0&#8243; custom_css=&#8221;margin-top: 0px;margin-bottom: 0px;padding-bottom: 35px;&#8221; border_styling_global=&#8221;default&#8221; el_class=&#8221;full-width colorChenged&#8221; width=&#8221;1\/2&#8243; el_position=&#8221;first [&hellip;]<\/p>\n","protected":false},"author":24055,"featured_media":0,"parent":30044,"menu_order":0,"comment_status":"closed","ping_status":"closed","template":"","meta":{"_acf_changed":false,"footnotes":""},"class_list":["post-30894","page","type-page","status-publish","hentry"],"acf":[],"yoast_head":"<!-- This site is optimized with the Yoast SEO Premium plugin v27.5 (Yoast SEO v27.5) - https:\/\/yoast.com\/product\/yoast-seo-premium-wordpress\/ -->\n<title>Organisation - Ferring Syntese<\/title>\n<meta name=\"robots\" content=\"index, follow, max-snippet:-1, max-image-preview:large, max-video-preview:-1\" \/>\n<link rel=\"canonical\" href=\"https:\/\/www.syntese.dk\/da\/about-syntese\/management-and-organization\/organisation\/\" \/>\n<meta property=\"og:locale\" content=\"da_DK\" \/>\n<meta property=\"og:type\" content=\"article\" \/>\n<meta property=\"og:title\" content=\"Organisation\" \/>\n<meta property=\"og:description\" content=\"[spb_row element_name=&#8221;Row&#8221; wrap_type=&#8221;full-width-contained&#8221; row_bg_type=&#8221;image&#8221; color_row_height=&#8221;content-height&#8221; bg_image=&#8221;30930&#8243; bg_type=&#8221;cover&#8221; parallax_image_height=&#8221;window-height&#8221; parallax_image_movement=&#8221;scroll&#8221; parallax_image_speed=&#8221;slow&#8221; bg_video_loop=&#8221;yes&#8221; parallax_video_height=&#8221;window-height&#8221; row_top_style=&#8221;none&#8221; row_bottom_style=&#8221;none&#8221; parallax_video_overlay=&#8221;none&#8221; row_overlay_opacity=&#8221;0&#8243; remove_element_spacing=&#8221;no&#8221; row_col_spacing=&#8221;0&#8243; row_col_pos=&#8221;bottom&#8221; row_col_equal_heights=&#8221;no&#8221; row_expanding=&#8221;no&#8221; row_animation=&#8221;none&#8221; row_animation_delay=&#8221;0&#8243; minimize_row=&#8221;no&#8221; simplified_controls=&#8221;yes&#8221; custom_css_percentage=&#8221;no&#8221; custom_css=&#8221;margin-top: 0px;margin-bottom: 0px;&#8221; border_styling_global=&#8221;default&#8221; el_class=&#8221;flex-left-bottom respDesignClass&#8221; width=&#8221;1\/1&#8243; el_position=&#8221;first last&#8221;] [spb_column col_animation=&#8221;none&#8221; col_animation_delay=&#8221;0&#8243; col_bg_type=&#8221;cover&#8221; col_parallax_image_movement=&#8221;fixed&#8221; col_parallax_image_speed=&#8221;0.5&#8243; col_padding=&#8221;0&#8243; col_vertical_offset=&#8221;0&#8243; col_horizontal_offset=&#8221;0&#8243; col_custom_zindex=&#8221;0&#8243; col_sm=&#8221;6&#8243; simplified_controls=&#8221;no&#8221; custom_css_percentage=&#8221;no&#8221; padding_vertical=&#8221;0&#8243; padding_horizontal=&#8221;0&#8243; margin_vertical=&#8221;0&#8243; custom_css=&#8221;margin-top: 0px;margin-bottom: 0px;padding-bottom: 35px;&#8221; border_styling_global=&#8221;default&#8221; el_class=&#8221;full-width colorChenged&#8221; width=&#8221;1\/2&#8243; el_position=&#8221;first [&hellip;]\" \/>\n<meta property=\"og:url\" content=\"https:\/\/www.syntese.dk\/da\/about-syntese\/management-and-organization\/organisation\/\" \/>\n<meta property=\"og:site_name\" content=\"Ferring Syntese\" \/>\n<meta property=\"article:publisher\" content=\"https:\/\/www.facebook.com\/ferringpharmaceuticals\/\" \/>\n<meta property=\"article:modified_time\" content=\"2024-10-09T05:20:17+00:00\" \/>\n<meta property=\"og:image\" content=\"https:\/\/ferringsyntese.corporate.ferring.tech\/wp-content\/uploads\/sites\/40\/2024\/07\/AboutFerring1W-1.png\" \/>\n<meta name=\"twitter:card\" content=\"summary_large_image\" \/>\n<meta name=\"twitter:site\" content=\"@ferring\" \/>\n<meta name=\"twitter:label1\" content=\"Estimeret l\u00e6setid\" \/>\n\t<meta name=\"twitter:data1\" content=\"4 minutter\" \/>\n<script type=\"application\/ld+json\" class=\"yoast-schema-graph\">{\"@context\":\"https:\\\/\\\/schema.org\",\"@graph\":[{\"@type\":\"WebPage\",\"@id\":\"https:\\\/\\\/www.syntese.dk\\\/da\\\/about-syntese\\\/management-and-organization\\\/organisation\\\/\",\"url\":\"https:\\\/\\\/www.syntese.dk\\\/da\\\/about-syntese\\\/management-and-organization\\\/organisation\\\/\",\"name\":\"Organisation - Ferring Syntese\",\"isPartOf\":{\"@id\":\"https:\\\/\\\/www.syntese.dk\\\/#website\"},\"primaryImageOfPage\":{\"@id\":\"https:\\\/\\\/www.syntese.dk\\\/da\\\/about-syntese\\\/management-and-organization\\\/organisation\\\/#primaryimage\"},\"image\":{\"@id\":\"https:\\\/\\\/www.syntese.dk\\\/da\\\/about-syntese\\\/management-and-organization\\\/organisation\\\/#primaryimage\"},\"thumbnailUrl\":\"https:\\\/\\\/ferringsyntese.corporate.ferring.tech\\\/wp-content\\\/uploads\\\/sites\\\/40\\\/2024\\\/07\\\/AboutFerring1W-1.png\",\"datePublished\":\"2024-05-23T09:25:19+00:00\",\"dateModified\":\"2024-10-09T05:20:17+00:00\",\"breadcrumb\":{\"@id\":\"https:\\\/\\\/www.syntese.dk\\\/da\\\/about-syntese\\\/management-and-organization\\\/organisation\\\/#breadcrumb\"},\"inLanguage\":\"da-DK\",\"potentialAction\":[{\"@type\":\"ReadAction\",\"target\":[\"https:\\\/\\\/www.syntese.dk\\\/da\\\/about-syntese\\\/management-and-organization\\\/organisation\\\/\"]}]},{\"@type\":\"ImageObject\",\"inLanguage\":\"da-DK\",\"@id\":\"https:\\\/\\\/www.syntese.dk\\\/da\\\/about-syntese\\\/management-and-organization\\\/organisation\\\/#primaryimage\",\"url\":\"https:\\\/\\\/ferringsyntese.corporate.ferring.tech\\\/wp-content\\\/uploads\\\/sites\\\/40\\\/2024\\\/07\\\/AboutFerring1W-1.png\",\"contentUrl\":\"https:\\\/\\\/ferringsyntese.corporate.ferring.tech\\\/wp-content\\\/uploads\\\/sites\\\/40\\\/2024\\\/07\\\/AboutFerring1W-1.png\"},{\"@type\":\"BreadcrumbList\",\"@id\":\"https:\\\/\\\/www.syntese.dk\\\/da\\\/about-syntese\\\/management-and-organization\\\/organisation\\\/#breadcrumb\",\"itemListElement\":[{\"@type\":\"ListItem\",\"position\":1,\"name\":\"Home\",\"item\":\"https:\\\/\\\/www.syntese.dk\\\/da\\\/\"},{\"@type\":\"ListItem\",\"position\":2,\"name\":\"Om Syntese A\\\/S\",\"item\":\"https:\\\/\\\/www.syntese.dk\\\/da\\\/about-syntese\\\/\"},{\"@type\":\"ListItem\",\"position\":3,\"name\":\"Ledelse og organisation\",\"item\":\"https:\\\/\\\/www.syntese.dk\\\/da\\\/about-syntese\\\/management-and-organization\\\/\"},{\"@type\":\"ListItem\",\"position\":4,\"name\":\"Organisation\"}]},{\"@type\":\"WebSite\",\"@id\":\"https:\\\/\\\/www.syntese.dk\\\/#website\",\"url\":\"https:\\\/\\\/www.syntese.dk\\\/\",\"name\":\"Ferring Pharmaceuticals\",\"description\":\"Helping people live better lives\",\"publisher\":{\"@id\":\"https:\\\/\\\/www.syntese.dk\\\/#organization\"},\"potentialAction\":[{\"@type\":\"SearchAction\",\"target\":{\"@type\":\"EntryPoint\",\"urlTemplate\":\"https:\\\/\\\/www.syntese.dk\\\/?s={search_term_string}\"},\"query-input\":{\"@type\":\"PropertyValueSpecification\",\"valueRequired\":true,\"valueName\":\"search_term_string\"}}],\"inLanguage\":\"da-DK\"},{\"@type\":\"Organization\",\"@id\":\"https:\\\/\\\/www.syntese.dk\\\/#organization\",\"name\":\"Ferring\",\"url\":\"https:\\\/\\\/www.syntese.dk\\\/\",\"logo\":{\"@type\":\"ImageObject\",\"inLanguage\":\"da-DK\",\"@id\":\"https:\\\/\\\/www.syntese.dk\\\/#\\\/schema\\\/logo\\\/image\\\/\",\"url\":\"https:\\\/\\\/ferringsyntese.corporate.ferring.tech\\\/wp-content\\\/uploads\\\/sites\\\/40\\\/2024\\\/05\\\/Syntese_Logo_3_Small_Usage_Version_outline_RGB-removebg-preview.png\",\"contentUrl\":\"https:\\\/\\\/ferringsyntese.corporate.ferring.tech\\\/wp-content\\\/uploads\\\/sites\\\/40\\\/2024\\\/05\\\/Syntese_Logo_3_Small_Usage_Version_outline_RGB-removebg-preview.png\",\"width\":805,\"height\":310,\"caption\":\"Ferring\"},\"image\":{\"@id\":\"https:\\\/\\\/www.syntese.dk\\\/#\\\/schema\\\/logo\\\/image\\\/\"},\"sameAs\":[\"https:\\\/\\\/www.facebook.com\\\/ferringpharmaceuticals\\\/\",\"https:\\\/\\\/x.com\\\/ferring\",\"https:\\\/\\\/www.instagram.com\\\/ferringpharmaceuticals\\\/\",\"https:\\\/\\\/www.linkedin.com\\\/company\\\/ferring-pharmaceuticals\",\"https:\\\/\\\/www.youtube.com\\\/channel\\\/UC6Ss0Uwv54xTGmM_EDEzQPA\",\"https:\\\/\\\/en.wikipedia.org\\\/wiki\\\/Ferring_Pharmaceuticals\"]}]}<\/script>\n<!-- \/ Yoast SEO Premium plugin. -->","yoast_head_json":{"title":"Organisation - Ferring Syntese","robots":{"index":"index","follow":"follow","max-snippet":"max-snippet:-1","max-image-preview":"max-image-preview:large","max-video-preview":"max-video-preview:-1"},"canonical":"https:\/\/www.syntese.dk\/da\/about-syntese\/management-and-organization\/organisation\/","og_locale":"da_DK","og_type":"article","og_title":"Organisation","og_description":"[spb_row element_name=&#8221;Row&#8221; wrap_type=&#8221;full-width-contained&#8221; row_bg_type=&#8221;image&#8221; color_row_height=&#8221;content-height&#8221; bg_image=&#8221;30930&#8243; bg_type=&#8221;cover&#8221; parallax_image_height=&#8221;window-height&#8221; parallax_image_movement=&#8221;scroll&#8221; parallax_image_speed=&#8221;slow&#8221; bg_video_loop=&#8221;yes&#8221; parallax_video_height=&#8221;window-height&#8221; row_top_style=&#8221;none&#8221; row_bottom_style=&#8221;none&#8221; parallax_video_overlay=&#8221;none&#8221; row_overlay_opacity=&#8221;0&#8243; remove_element_spacing=&#8221;no&#8221; row_col_spacing=&#8221;0&#8243; row_col_pos=&#8221;bottom&#8221; row_col_equal_heights=&#8221;no&#8221; row_expanding=&#8221;no&#8221; row_animation=&#8221;none&#8221; row_animation_delay=&#8221;0&#8243; minimize_row=&#8221;no&#8221; simplified_controls=&#8221;yes&#8221; custom_css_percentage=&#8221;no&#8221; custom_css=&#8221;margin-top: 0px;margin-bottom: 0px;&#8221; border_styling_global=&#8221;default&#8221; el_class=&#8221;flex-left-bottom respDesignClass&#8221; width=&#8221;1\/1&#8243; el_position=&#8221;first last&#8221;] [spb_column col_animation=&#8221;none&#8221; col_animation_delay=&#8221;0&#8243; col_bg_type=&#8221;cover&#8221; col_parallax_image_movement=&#8221;fixed&#8221; col_parallax_image_speed=&#8221;0.5&#8243; col_padding=&#8221;0&#8243; col_vertical_offset=&#8221;0&#8243; col_horizontal_offset=&#8221;0&#8243; col_custom_zindex=&#8221;0&#8243; col_sm=&#8221;6&#8243; simplified_controls=&#8221;no&#8221; custom_css_percentage=&#8221;no&#8221; padding_vertical=&#8221;0&#8243; padding_horizontal=&#8221;0&#8243; margin_vertical=&#8221;0&#8243; custom_css=&#8221;margin-top: 0px;margin-bottom: 0px;padding-bottom: 35px;&#8221; border_styling_global=&#8221;default&#8221; el_class=&#8221;full-width colorChenged&#8221; width=&#8221;1\/2&#8243; el_position=&#8221;first [&hellip;]","og_url":"https:\/\/www.syntese.dk\/da\/about-syntese\/management-and-organization\/organisation\/","og_site_name":"Ferring Syntese","article_publisher":"https:\/\/www.facebook.com\/ferringpharmaceuticals\/","article_modified_time":"2024-10-09T05:20:17+00:00","og_image":[{"url":"https:\/\/ferringsyntese.corporate.ferring.tech\/wp-content\/uploads\/sites\/40\/2024\/07\/AboutFerring1W-1.png","type":"","width":"","height":""}],"twitter_card":"summary_large_image","twitter_site":"@ferring","twitter_misc":{"Estimeret l\u00e6setid":"4 minutter"},"schema":{"@context":"https:\/\/schema.org","@graph":[{"@type":"WebPage","@id":"https:\/\/www.syntese.dk\/da\/about-syntese\/management-and-organization\/organisation\/","url":"https:\/\/www.syntese.dk\/da\/about-syntese\/management-and-organization\/organisation\/","name":"Organisation - Ferring Syntese","isPartOf":{"@id":"https:\/\/www.syntese.dk\/#website"},"primaryImageOfPage":{"@id":"https:\/\/www.syntese.dk\/da\/about-syntese\/management-and-organization\/organisation\/#primaryimage"},"image":{"@id":"https:\/\/www.syntese.dk\/da\/about-syntese\/management-and-organization\/organisation\/#primaryimage"},"thumbnailUrl":"https:\/\/ferringsyntese.corporate.ferring.tech\/wp-content\/uploads\/sites\/40\/2024\/07\/AboutFerring1W-1.png","datePublished":"2024-05-23T09:25:19+00:00","dateModified":"2024-10-09T05:20:17+00:00","breadcrumb":{"@id":"https:\/\/www.syntese.dk\/da\/about-syntese\/management-and-organization\/organisation\/#breadcrumb"},"inLanguage":"da-DK","potentialAction":[{"@type":"ReadAction","target":["https:\/\/www.syntese.dk\/da\/about-syntese\/management-and-organization\/organisation\/"]}]},{"@type":"ImageObject","inLanguage":"da-DK","@id":"https:\/\/www.syntese.dk\/da\/about-syntese\/management-and-organization\/organisation\/#primaryimage","url":"https:\/\/ferringsyntese.corporate.ferring.tech\/wp-content\/uploads\/sites\/40\/2024\/07\/AboutFerring1W-1.png","contentUrl":"https:\/\/ferringsyntese.corporate.ferring.tech\/wp-content\/uploads\/sites\/40\/2024\/07\/AboutFerring1W-1.png"},{"@type":"BreadcrumbList","@id":"https:\/\/www.syntese.dk\/da\/about-syntese\/management-and-organization\/organisation\/#breadcrumb","itemListElement":[{"@type":"ListItem","position":1,"name":"Home","item":"https:\/\/www.syntese.dk\/da\/"},{"@type":"ListItem","position":2,"name":"Om Syntese A\/S","item":"https:\/\/www.syntese.dk\/da\/about-syntese\/"},{"@type":"ListItem","position":3,"name":"Ledelse og organisation","item":"https:\/\/www.syntese.dk\/da\/about-syntese\/management-and-organization\/"},{"@type":"ListItem","position":4,"name":"Organisation"}]},{"@type":"WebSite","@id":"https:\/\/www.syntese.dk\/#website","url":"https:\/\/www.syntese.dk\/","name":"Ferring Pharmaceuticals","description":"Helping people live better lives","publisher":{"@id":"https:\/\/www.syntese.dk\/#organization"},"potentialAction":[{"@type":"SearchAction","target":{"@type":"EntryPoint","urlTemplate":"https:\/\/www.syntese.dk\/?s={search_term_string}"},"query-input":{"@type":"PropertyValueSpecification","valueRequired":true,"valueName":"search_term_string"}}],"inLanguage":"da-DK"},{"@type":"Organization","@id":"https:\/\/www.syntese.dk\/#organization","name":"Ferring","url":"https:\/\/www.syntese.dk\/","logo":{"@type":"ImageObject","inLanguage":"da-DK","@id":"https:\/\/www.syntese.dk\/#\/schema\/logo\/image\/","url":"https:\/\/ferringsyntese.corporate.ferring.tech\/wp-content\/uploads\/sites\/40\/2024\/05\/Syntese_Logo_3_Small_Usage_Version_outline_RGB-removebg-preview.png","contentUrl":"https:\/\/ferringsyntese.corporate.ferring.tech\/wp-content\/uploads\/sites\/40\/2024\/05\/Syntese_Logo_3_Small_Usage_Version_outline_RGB-removebg-preview.png","width":805,"height":310,"caption":"Ferring"},"image":{"@id":"https:\/\/www.syntese.dk\/#\/schema\/logo\/image\/"},"sameAs":["https:\/\/www.facebook.com\/ferringpharmaceuticals\/","https:\/\/x.com\/ferring","https:\/\/www.instagram.com\/ferringpharmaceuticals\/","https:\/\/www.linkedin.com\/company\/ferring-pharmaceuticals","https:\/\/www.youtube.com\/channel\/UC6Ss0Uwv54xTGmM_EDEzQPA","https:\/\/en.wikipedia.org\/wiki\/Ferring_Pharmaceuticals"]}]}},"_links":{"self":[{"href":"https:\/\/www.syntese.dk\/da\/wp-json\/wp\/v2\/pages\/30894","targetHints":{"allow":["GET"]}}],"collection":[{"href":"https:\/\/www.syntese.dk\/da\/wp-json\/wp\/v2\/pages"}],"about":[{"href":"https:\/\/www.syntese.dk\/da\/wp-json\/wp\/v2\/types\/page"}],"author":[{"embeddable":true,"href":"https:\/\/www.syntese.dk\/da\/wp-json\/wp\/v2\/users\/24055"}],"replies":[{"embeddable":true,"href":"https:\/\/www.syntese.dk\/da\/wp-json\/wp\/v2\/comments?post=30894"}],"version-history":[{"count":0,"href":"https:\/\/www.syntese.dk\/da\/wp-json\/wp\/v2\/pages\/30894\/revisions"}],"up":[{"embeddable":true,"href":"https:\/\/www.syntese.dk\/da\/wp-json\/wp\/v2\/pages\/30044"}],"wp:attachment":[{"href":"https:\/\/www.syntese.dk\/da\/wp-json\/wp\/v2\/media?parent=30894"}],"curies":[{"name":"wp","href":"https:\/\/api.w.org\/{rel}","templated":true}]}}